{"id":17,"date":"2022-03-16T14:27:19","date_gmt":"2022-03-16T13:27:19","guid":{"rendered":"https:\/\/koneprod477090208.wpcomstaging.com\/?page_id=15"},"modified":"2022-09-20T11:58:51","modified_gmt":"2022-09-20T09:58:51","slug":"le-studio","status":"publish","type":"page","link":"https:\/\/www.k-one-music.fr\/index.php\/le-studio\/","title":{"rendered":"Pr\u00e9sentation du Studio"},"content":{"rendered":"\n<h1 class=\"has-text-align-center wp-block-heading\"><strong>Pr\u00e9sentation du Studio<\/strong><\/h1>\n\n\n\n<p><\/p>\n\n\n\n<hr class=\"wp-block-separator has-alpha-channel-opacity\"\/>\n\n\n\n<figure class=\"wp-block-embed is-type-rich is-provider-soundcloud wp-block-embed-soundcloud wp-embed-aspect-4-3 wp-has-aspect-ratio\"><div class=\"wp-block-embed__wrapper\">\n<iframe loading=\"lazy\" title=\"K-One Prod\" width=\"750\" height=\"450\" scrolling=\"no\" frameborder=\"no\" src=\"https:\/\/w.soundcloud.com\/player\/?visual=true&#038;url=https%3A%2F%2Fapi.soundcloud.com%2Fusers%2F1162527511&#038;show_artwork=true&#038;maxheight=1000&#038;maxwidth=750\"><\/iframe>\n<\/div><\/figure>\n\n\n\n<hr class=\"wp-block-separator has-alpha-channel-opacity\"\/>\n\n\n\n<div class=\"wp-block-cover alignfull is-light has-parallax\" style=\"background-image:url(https:\/\/www.k-one-music.fr\/wp-content\/uploads\/2022\/07\/Micro_01.jpg);min-height:620px;aspect-ratio:unset;\"><span aria-hidden=\"true\" class=\"wp-block-cover__background has-tertiary-background-color has-background-dim\"><\/span><div class=\"wp-block-cover__inner-container is-layout-flow wp-block-cover-is-layout-flow\">\n<div class=\"wp-block-jetpack-layout-grid alignfull column1-desktop-grid__span-10 column1-desktop-grid__start-2 column1-desktop-grid__row-1 column1-tablet-grid__span-8 column1-tablet-grid__row-1 column1-mobile-grid__span-4 column1-mobile-grid__row-1 wp-block-jetpack-layout-gutter__nowrap\">\n<div class=\"wp-block-jetpack-layout-grid-column wp-block-jetpack-layout-grid__padding-none\">\n<h2 class=\"has-text-align-center has-foreground-color has-text-color wp-block-heading\" style=\"font-size:80px\">Cr\u00e9ons un nouvel univers musical<\/h2>\n\n\n\n<div class=\"wp-block-buttons is-horizontal is-content-justification-center is-layout-flex wp-container-core-buttons-is-layout-499968f5 wp-block-buttons-is-layout-flex\">\n<div class=\"wp-block-button\"><a class=\"wp-block-button__link has-luminous-vivid-orange-background-color has-text-color has-background\" href=\"https:\/\/www.k-one-music.fr\/index.php\/contactez-nous\/\" style=\"color:#ffffff\">Contactez-nous<\/a><\/div>\n<\/div>\n<\/div>\n<\/div>\n<\/div><\/div>\n\n\n\n<div style=\"height:30px\" aria-hidden=\"true\" class=\"wp-block-spacer\"><\/div>\n\n\n\n<p>Vous recherchez des professionnels avec qui travailler votre <strong>musique <\/strong>? Retrouvez-nous au studio <strong>K-One Prod<\/strong> ! Une atmosph\u00e8re d\u00e9tendue, des professionnels souriants et du<strong> mat\u00e9riel audio<\/strong> haut de gamme vous attendent \u00e0 <strong>Kembs <\/strong>dans le <strong>Haut-Rhin<\/strong>.<\/p>\n\n\n\n<h2 class=\"wp-block-heading\">Du mat\u00e9riel son haut de gamme pour une meilleure qualit\u00e9 audio<\/h2>\n\n\n\n<p>Parmi les nombreux <strong>\u00e9quipements de son<\/strong> que nous poss\u00e9dons, vous retrouverez :<\/p>\n\n\n\n<ul class=\"wp-block-list\"><li>Une carte son Universal Audio Apollo x8p ;<\/li><li>Un pr\u00e9 ampli\/compresseur TLAudio ;<\/li><li>Un Chanel strip Presonus ;<\/li><li>Software Cubase Pro 11 ;<\/li><li>8 micros (Shure, Aston) ;<\/li><li>Une cabine d&rsquo;enregistrement d\u00e9di\u00e9e aux voix.<\/li><\/ul>\n\n\n\n<p>Que serait un <strong>studio de musique<\/strong> sans instruments ! Divers <strong>instruments <\/strong>tels que des <strong>guitares<\/strong>, <strong>percussions <\/strong>et <strong>batterie \u00e9lectronique<\/strong> sont mis \u00e0 votre disposition chez nous. Vous pourrez \u00e9galement rapporter votre propre <strong>instrument <\/strong>si vous le souhaitez.<\/p>\n\n\n\n<figure class=\"wp-block-image size-large\"><img loading=\"lazy\" decoding=\"async\" width=\"447\" height=\"1024\" src=\"https:\/\/www.k-one-music.fr\/wp-content\/uploads\/2022\/07\/Article_01-447x1024.jpg\" alt=\"\" class=\"wp-image-111\" srcset=\"https:\/\/www.k-one-music.fr\/wp-content\/uploads\/2022\/07\/Article_01-447x1024.jpg 447w, https:\/\/www.k-one-music.fr\/wp-content\/uploads\/2022\/07\/Article_01-131x300.jpg 131w, https:\/\/www.k-one-music.fr\/wp-content\/uploads\/2022\/07\/Article_01-768x1761.jpg 768w, https:\/\/www.k-one-music.fr\/wp-content\/uploads\/2022\/07\/Article_01-670x1536.jpg 670w, https:\/\/www.k-one-music.fr\/wp-content\/uploads\/2022\/07\/Article_01.jpg 813w\" sizes=\"auto, (max-width: 447px) 100vw, 447px\" \/><\/figure>\n\n\n\n<div style=\"height:30px\" aria-hidden=\"true\" class=\"wp-block-spacer\"><\/div>\n\n\n\n<div class=\"wp-block-cover alignfull is-light\"><span aria-hidden=\"true\" class=\"wp-block-cover__background has-background-dim\"><\/span><img decoding=\"async\" class=\"wp-block-cover__image-background wp-image-22\" alt=\"\" src=\"https:\/\/koneprod477090208.wpcomstaging.com\/wp-content\/uploads\/2022\/03\/copie-de-photo-bureau-fond-ecran.jpeg\" data-object-fit=\"cover\"\/><div class=\"wp-block-cover__inner-container is-layout-flow wp-block-cover-is-layout-flow\">\n<div class=\"wp-block-jetpack-layout-grid alignfull column1-desktop-grid__span-5 column1-desktop-grid__start-2 column1-desktop-grid__row-1 column2-desktop-grid__span-4 column2-desktop-grid__start-8 column2-desktop-grid__row-1 column1-tablet-grid__span-4 column1-tablet-grid__row-1 column2-tablet-grid__span-4 column2-tablet-grid__start-5 column2-tablet-grid__row-1 column1-mobile-grid__span-2 column1-mobile-grid__row-1 column2-mobile-grid__span-2 column2-mobile-grid__row-2 wp-block-jetpack-layout-gutter__nowrap\">\n<div class=\"wp-block-jetpack-layout-grid-column wp-block-jetpack-layout-grid__padding-none\">\n<p class=\"has-text-align-center has-background-color has-text-color has-huge-font-size\">Sebastian<br>Gonzalez Garcia<\/p>\n\n\n\n<p class=\"has-text-align-center has-background-color has-text-color\">2A Chemin des p\u00eacheurs<br>68680 Kembs-Loechl\u00e9<\/p>\n\n\n\n<div class=\"wp-block-buttons is-content-justification-center is-layout-flex wp-container-core-buttons-is-layout-16018d1d wp-block-buttons-is-layout-flex\">\n<div class=\"wp-block-button is-style-outline is-style-outline--1\"><a class=\"wp-block-button__link has-background-color has-text-color\" href=\"https:\/\/www.k-one-music.fr\/index.php\/contactez-nous\/\">k1prod68@gmail.com<\/a><\/div>\n<\/div>\n<\/div>\n\n\n\n<div class=\"wp-block-jetpack-layout-grid-column wp-block-jetpack-layout-grid__padding-none\">\n<div style=\"height:60px\" aria-hidden=\"true\" class=\"wp-block-spacer\"><\/div>\n\n\n\n<p class=\"has-text-align-left has-background-color has-text-color\" style=\"line-height:1.9\"><strong>Lundi&nbsp;:<\/strong> 10&nbsp;h&nbsp;00 &#8211; 18&nbsp;h&nbsp;00<br><strong>Mardi&nbsp;:<\/strong> 10&nbsp;h&nbsp;00 &#8211; 18&nbsp;h&nbsp;00<br><strong>Mercredi&nbsp;:<\/strong> 10&nbsp;h&nbsp;00 &#8211; 18&nbsp;h&nbsp;00<br><strong>Jeudi&nbsp;:<\/strong> 10&nbsp;h&nbsp;00 &#8211; 18&nbsp;h&nbsp;00<br><strong>Vendredi&nbsp;:<\/strong> 10&nbsp;h&nbsp;00 &#8211; 18&nbsp;h&nbsp;00<br><strong>Samedi&nbsp;:<\/strong> sur rendez-vous<br><strong>Dimanche&nbsp;:<\/strong> sur rendez-vous<\/p>\n<\/div>\n<\/div>\n<\/div><\/div>\n\n\n\n<div class=\"wp-block-group alignfull has-background\" style=\"background-color:#000000\"><div class=\"wp-block-group__inner-container is-layout-flow wp-block-group-is-layout-flow\">\n<ul class=\"wp-block-social-links aligncenter is-content-justification-center is-layout-flex wp-container-core-social-links-is-layout-16018d1d wp-block-social-links-is-layout-flex\"><li class=\"wp-social-link wp-social-link-facebook  wp-block-social-link\"><a href=\"https:\/\/facebook.com\" class=\"wp-block-social-link-anchor\"><svg width=\"24\" height=\"24\" viewBox=\"0 0 24 24\" version=\"1.1\" xmlns=\"http:\/\/www.w3.org\/2000\/svg\" aria-hidden=\"true\" focusable=\"false\"><path d=\"M12 2C6.5 2 2 6.5 2 12c0 5 3.7 9.1 8.4 9.9v-7H7.9V12h2.5V9.8c0-2.5 1.5-3.9 3.8-3.9 1.1 0 2.2.2 2.2.2v2.5h-1.3c-1.2 0-1.6.8-1.6 1.6V12h2.8l-.4 2.9h-2.3v7C18.3 21.1 22 17 22 12c0-5.5-4.5-10-10-10z\"><\/path><\/svg><span class=\"wp-block-social-link-label screen-reader-text\">Facebook<\/span><\/a><\/li>\n\n<li class=\"wp-social-link wp-social-link-instagram  wp-block-social-link\"><a href=\"https:\/\/instagram.com\" class=\"wp-block-social-link-anchor\"><svg width=\"24\" height=\"24\" viewBox=\"0 0 24 24\" version=\"1.1\" xmlns=\"http:\/\/www.w3.org\/2000\/svg\" aria-hidden=\"true\" focusable=\"false\"><path d=\"M12,4.622c2.403,0,2.688,0.009,3.637,0.052c0.877,0.04,1.354,0.187,1.671,0.31c0.42,0.163,0.72,0.358,1.035,0.673 c0.315,0.315,0.51,0.615,0.673,1.035c0.123,0.317,0.27,0.794,0.31,1.671c0.043,0.949,0.052,1.234,0.052,3.637 s-0.009,2.688-0.052,3.637c-0.04,0.877-0.187,1.354-0.31,1.671c-0.163,0.42-0.358,0.72-0.673,1.035 c-0.315,0.315-0.615,0.51-1.035,0.673c-0.317,0.123-0.794,0.27-1.671,0.31c-0.949,0.043-1.233,0.052-3.637,0.052 s-2.688-0.009-3.637-0.052c-0.877-0.04-1.354-0.187-1.671-0.31c-0.42-0.163-0.72-0.358-1.035-0.673 c-0.315-0.315-0.51-0.615-0.673-1.035c-0.123-0.317-0.27-0.794-0.31-1.671C4.631,14.688,4.622,14.403,4.622,12 s0.009-2.688,0.052-3.637c0.04-0.877,0.187-1.354,0.31-1.671c0.163-0.42,0.358-0.72,0.673-1.035 c0.315-0.315,0.615-0.51,1.035-0.673c0.317-0.123,0.794-0.27,1.671-0.31C9.312,4.631,9.597,4.622,12,4.622 M12,3 C9.556,3,9.249,3.01,8.289,3.054C7.331,3.098,6.677,3.25,6.105,3.472C5.513,3.702,5.011,4.01,4.511,4.511 c-0.5,0.5-0.808,1.002-1.038,1.594C3.25,6.677,3.098,7.331,3.054,8.289C3.01,9.249,3,9.556,3,12c0,2.444,0.01,2.751,0.054,3.711 c0.044,0.958,0.196,1.612,0.418,2.185c0.23,0.592,0.538,1.094,1.038,1.594c0.5,0.5,1.002,0.808,1.594,1.038 c0.572,0.222,1.227,0.375,2.185,0.418C9.249,20.99,9.556,21,12,21s2.751-0.01,3.711-0.054c0.958-0.044,1.612-0.196,2.185-0.418 c0.592-0.23,1.094-0.538,1.594-1.038c0.5-0.5,0.808-1.002,1.038-1.594c0.222-0.572,0.375-1.227,0.418-2.185 C20.99,14.751,21,14.444,21,12s-0.01-2.751-0.054-3.711c-0.044-0.958-0.196-1.612-0.418-2.185c-0.23-0.592-0.538-1.094-1.038-1.594 c-0.5-0.5-1.002-0.808-1.594-1.038c-0.572-0.222-1.227-0.375-2.185-0.418C14.751,3.01,14.444,3,12,3L12,3z M12,7.378 c-2.552,0-4.622,2.069-4.622,4.622S9.448,16.622,12,16.622s4.622-2.069,4.622-4.622S14.552,7.378,12,7.378z M12,15 c-1.657,0-3-1.343-3-3s1.343-3,3-3s3,1.343,3,3S13.657,15,12,15z M16.804,6.116c-0.596,0-1.08,0.484-1.08,1.08 s0.484,1.08,1.08,1.08c0.596,0,1.08-0.484,1.08-1.08S17.401,6.116,16.804,6.116z\"><\/path><\/svg><span class=\"wp-block-social-link-label screen-reader-text\">Instagram<\/span><\/a><\/li>\n\n<li class=\"wp-social-link wp-social-link-youtube  wp-block-social-link\"><a href=\"https:\/\/youtube.com\" class=\"wp-block-social-link-anchor\"><svg width=\"24\" height=\"24\" viewBox=\"0 0 24 24\" version=\"1.1\" xmlns=\"http:\/\/www.w3.org\/2000\/svg\" aria-hidden=\"true\" focusable=\"false\"><path d=\"M21.8,8.001c0,0-0.195-1.378-0.795-1.985c-0.76-0.797-1.613-0.801-2.004-0.847c-2.799-0.202-6.997-0.202-6.997-0.202 h-0.009c0,0-4.198,0-6.997,0.202C4.608,5.216,3.756,5.22,2.995,6.016C2.395,6.623,2.2,8.001,2.2,8.001S2,9.62,2,11.238v1.517 c0,1.618,0.2,3.237,0.2,3.237s0.195,1.378,0.795,1.985c0.761,0.797,1.76,0.771,2.205,0.855c1.6,0.153,6.8,0.201,6.8,0.201 s4.203-0.006,7.001-0.209c0.391-0.047,1.243-0.051,2.004-0.847c0.6-0.607,0.795-1.985,0.795-1.985s0.2-1.618,0.2-3.237v-1.517 C22,9.62,21.8,8.001,21.8,8.001z M9.935,14.594l-0.001-5.62l5.404,2.82L9.935,14.594z\"><\/path><\/svg><span class=\"wp-block-social-link-label screen-reader-text\">YouTube<\/span><\/a><\/li><\/ul>\n<\/div><\/div>\n\n\n\n<p><\/p>\n","protected":false},"excerpt":{"rendered":"<p>Pr\u00e9sentation du Studio Vous recherchez des professionnels avec qui travailler votre musique ? Retrouvez-nous au studio K-One Prod ! Une atmosph\u00e8re d\u00e9tendue, des professionnels souriants et du mat\u00e9riel audio haut de gamme vous attendent \u00e0 Kembs dans le Haut-Rhin. Du mat\u00e9riel son haut de gamme pour une meilleure qualit\u00e9 audio Parmi les nombreux \u00e9quipements de&hellip; <a class=\"more-link\" href=\"https:\/\/www.k-one-music.fr\/index.php\/le-studio\/\">Poursuivre la lecture <span class=\"screen-reader-text\">Pr\u00e9sentation du Studio<\/span><\/a><\/p>\n","protected":false},"author":4,"featured_media":0,"parent":0,"menu_order":0,"comment_status":"closed","ping_status":"closed","template":"header-footer-only","meta":{"footnotes":""},"class_list":["post-17","page","type-page","status-publish","hentry","entry"],"_links":{"self":[{"href":"https:\/\/www.k-one-music.fr\/index.php\/wp-json\/wp\/v2\/pages\/17","targetHints":{"allow":["GET"]}}],"collection":[{"href":"https:\/\/www.k-one-music.fr\/index.php\/wp-json\/wp\/v2\/pages"}],"about":[{"href":"https:\/\/www.k-one-music.fr\/index.php\/wp-json\/wp\/v2\/types\/page"}],"author":[{"embeddable":true,"href":"https:\/\/www.k-one-music.fr\/index.php\/wp-json\/wp\/v2\/users\/4"}],"replies":[{"embeddable":true,"href":"https:\/\/www.k-one-music.fr\/index.php\/wp-json\/wp\/v2\/comments?post=17"}],"version-history":[{"count":10,"href":"https:\/\/www.k-one-music.fr\/index.php\/wp-json\/wp\/v2\/pages\/17\/revisions"}],"predecessor-version":[{"id":187,"href":"https:\/\/www.k-one-music.fr\/index.php\/wp-json\/wp\/v2\/pages\/17\/revisions\/187"}],"wp:attachment":[{"href":"https:\/\/www.k-one-music.fr\/index.php\/wp-json\/wp\/v2\/media?parent=17"}],"curies":[{"name":"wp","href":"https:\/\/api.w.org\/{rel}","templated":true}]}}