{"id":25,"date":"2022-03-30T16:42:18","date_gmt":"2022-03-30T14:42:18","guid":{"rendered":"https:\/\/koneprod477090208.wpcomstaging.com\/?page_id=25"},"modified":"2022-07-15T00:19:07","modified_gmt":"2022-07-14T22:19:07","slug":"ou-nous-retrouver","status":"publish","type":"page","link":"https:\/\/www.k-one-music.fr\/index.php\/ou-nous-retrouver\/","title":{"rendered":"O\u00f9 nous retrouver ?"},"content":{"rendered":"\n<h1 class=\"has-text-align-center wp-block-heading\"><strong>O\u00f9 nous retrouver ?<\/strong><\/h1>\n\n\n\n<figure class=\"wp-block-image size-full\"><img decoding=\"async\" src=\"https:\/\/koneprod477090208.wpcomstaging.com\/wp-content\/uploads\/2022\/04\/Copie-de-Carte-de-visite-DEF-face-avant.jpg\" alt=\"\" class=\"wp-image-205\"\/><\/figure>\n\n\n\n<div style=\"height:50px\" aria-hidden=\"true\" class=\"wp-block-spacer\"><\/div>\n\n\n\n<p>Notre studio ce situe \u00e0 cette adresse : <a href=\"https:\/\/www.google.com\/maps\/place\/2A+Chem.+des+P%C3%AAcheurs,+68680+Kembs\/@47.6612844,7.501191,17z\/data=!3m1!4b1!4m5!3m4!1s0x4791bd238d3e7bad:0xae24889ccfbf5819!8m2!3d47.6612808!4d7.5033797\">2a chemin des p\u00eacheurs, 68680 Kembs<\/a>. Retrouvez-nous l\u00e0-bas pour commencer \u00e0 travailler sur votre projet musical.<\/p>\n\n\n\n<div style=\"height:50px\" aria-hidden=\"true\" class=\"wp-block-spacer\"><\/div>\n\n\n\n<div class=\"wp-block-columns alignwide are-vertically-aligned-center is-layout-flex wp-container-core-columns-is-layout-9d6595d7 wp-block-columns-is-layout-flex\">\n<div class=\"wp-block-column is-vertically-aligned-center is-layout-flow wp-block-column-is-layout-flow\" style=\"flex-basis:33.33%\">\n<p class=\"has-text-align-left\">Ne vous perdez plus et utilisez notre indicateur GPS pour calculer votre trajet depuis chez vous !<\/p>\n\n\n\n<div style=\"height:20px\" aria-hidden=\"true\" class=\"wp-block-spacer\"><\/div>\n\n\n\n<div class=\"wp-block-buttons is-layout-flex wp-block-buttons-is-layout-flex\">\n<div class=\"wp-block-button\"><a class=\"wp-block-button__link has-luminous-vivid-orange-background-color has-background\" href=\"https:\/\/www.google.com\/maps\/dir\/\/2A+Chem.+des+P%C3%AAcheurs,+68680+Kembs\/@47.6612844,7.501191,17z\/data=!4m9!4m8!1m0!1m5!1m1!1s0x4791bd238d3e7bad:0xae24889ccfbf5819!2m2!1d7.5033797!2d47.6612808!3e0\">Calculer mon trajet<\/a><\/div>\n<\/div>\n<\/div>\n\n\n\n<div class=\"wp-block-column is-vertically-aligned-center is-layout-flow wp-block-column-is-layout-flow\" style=\"flex-basis:66.66%\">\n<iframe src=\"https:\/\/www.google.com\/maps\/embed?pb=!1m18!1m12!1m3!1d121611.55374664077!2d7.486992865908754!3d47.65992444951888!2m3!1f0!2f0!3f0!3m2!1i1024!2i768!4f13.1!3m3!1m2!1s0x4791bd238d3e7bad%3A0xae24889ccfbf5819!2s2A%20Chem.%20des%20P%C3%AAcheurs%2C%2068680%20Kembs!5e0!3m2!1sen!2sfr!4v1657836271607!5m2!1sen!2sfr\" width=\"600\" height=\"450\" style=\"border:0;\" allowfullscreen=\"\" loading=\"lazy\" referrerpolicy=\"no-referrer-when-downgrade\"><\/iframe>\n<\/div>\n<\/div>\n","protected":false},"excerpt":{"rendered":"<p>O\u00f9 nous retrouver ? Notre studio ce situe \u00e0 cette adresse : 2a chemin des p\u00eacheurs, 68680 Kembs. Retrouvez-nous l\u00e0-bas pour commencer \u00e0 travailler sur votre projet musical. Ne vous perdez plus et utilisez notre indicateur GPS pour calculer votre trajet depuis chez vous !<\/p>\n","protected":false},"author":4,"featured_media":0,"parent":0,"menu_order":0,"comment_status":"closed","ping_status":"closed","template":"header-footer-only","meta":{"footnotes":""},"class_list":["post-25","page","type-page","status-publish","hentry","entry"],"_links":{"self":[{"href":"https:\/\/www.k-one-music.fr\/index.php\/wp-json\/wp\/v2\/pages\/25","targetHints":{"allow":["GET"]}}],"collection":[{"href":"https:\/\/www.k-one-music.fr\/index.php\/wp-json\/wp\/v2\/pages"}],"about":[{"href":"https:\/\/www.k-one-music.fr\/index.php\/wp-json\/wp\/v2\/types\/page"}],"author":[{"embeddable":true,"href":"https:\/\/www.k-one-music.fr\/index.php\/wp-json\/wp\/v2\/users\/4"}],"replies":[{"embeddable":true,"href":"https:\/\/www.k-one-music.fr\/index.php\/wp-json\/wp\/v2\/comments?post=25"}],"version-history":[{"count":3,"href":"https:\/\/www.k-one-music.fr\/index.php\/wp-json\/wp\/v2\/pages\/25\/revisions"}],"predecessor-version":[{"id":140,"href":"https:\/\/www.k-one-music.fr\/index.php\/wp-json\/wp\/v2\/pages\/25\/revisions\/140"}],"wp:attachment":[{"href":"https:\/\/www.k-one-music.fr\/index.php\/wp-json\/wp\/v2\/media?parent=25"}],"curies":[{"name":"wp","href":"https:\/\/api.w.org\/{rel}","templated":true}]}}